{"id":116,"date":"2021-07-29T14:35:23","date_gmt":"2021-07-29T12:35:23","guid":{"rendered":"http:\/\/schuetzenverein-barver.de\/?page_id=116"},"modified":"2022-09-29T10:26:43","modified_gmt":"2022-09-29T08:26:43","slug":"herren","status":"publish","type":"page","link":"http:\/\/schuetzenverein-barver.de\/?page_id=116","title":{"rendered":"Herren"},"content":{"rendered":"<p><strong><u>Herren<\/u><\/strong><\/p>\n<p>Zu den Herren z\u00e4hlen alle m\u00e4nnlichen Vereinsmitglieder, die das 25. Lebensjahr vollendet haben.<\/p>\n<p>Das \u00dcbungsschie\u00dfen findet am letzten Sonntag im Monat von 10:00 bis 12:00 Uhr statt.<\/p>\n<p>Der Sch\u00fctzenk\u00f6nig oder die Sch\u00fctzenk\u00f6nigin werden am Sch\u00fctzenfest \u2013 Sonntag ermittelt.<\/p>\n<p>Bei Fragen wendet euch bitte an Klaus Klapproth, Tel.: 0160 2911959 oder 05448-300.<\/p>\n","protected":false},"excerpt":{"rendered":"<p>Herren Zu den Herren z\u00e4hlen alle m\u00e4nnlichen Vereinsmitglieder, die das 25. Lebensjahr vollendet haben. Das \u00dcbungsschie\u00dfen findet am letzten Sonntag im Monat von 10:00 bis 12:00 Uhr statt. Der Sch\u00fctzenk\u00f6nig [&hellip;]<\/p>\n","protected":false},"author":1,"featured_media":0,"parent":0,"menu_order":0,"comment_status":"closed","ping_status":"closed","template":"","meta":{"footnotes":""},"class_list":["post-116","page","type-page","status-publish","hentry"],"_links":{"self":[{"href":"http:\/\/schuetzenverein-barver.de\/index.php?rest_route=\/wp\/v2\/pages\/116","targetHints":{"allow":["GET"]}}],"collection":[{"href":"http:\/\/schuetzenverein-barver.de\/index.php?rest_route=\/wp\/v2\/pages"}],"about":[{"href":"http:\/\/schuetzenverein-barver.de\/index.php?rest_route=\/wp\/v2\/types\/page"}],"author":[{"embeddable":true,"href":"http:\/\/schuetzenverein-barver.de\/index.php?rest_route=\/wp\/v2\/users\/1"}],"replies":[{"embeddable":true,"href":"http:\/\/schuetzenverein-barver.de\/index.php?rest_route=%2Fwp%2Fv2%2Fcomments&post=116"}],"version-history":[{"count":7,"href":"http:\/\/schuetzenverein-barver.de\/index.php?rest_route=\/wp\/v2\/pages\/116\/revisions"}],"predecessor-version":[{"id":866,"href":"http:\/\/schuetzenverein-barver.de\/index.php?rest_route=\/wp\/v2\/pages\/116\/revisions\/866"}],"wp:attachment":[{"href":"http:\/\/schuetzenverein-barver.de\/index.php?rest_route=%2Fwp%2Fv2%2Fmedia&parent=116"}],"curies":[{"name":"wp","href":"https:\/\/api.w.org\/{rel}","templated":true}]}}