{"id":120,"date":"2021-07-29T14:35:46","date_gmt":"2021-07-29T12:35:46","guid":{"rendered":"http:\/\/schuetzenverein-barver.de\/?page_id=120"},"modified":"2025-04-16T18:19:29","modified_gmt":"2025-04-16T16:19:29","slug":"jugend","status":"publish","type":"page","link":"http:\/\/schuetzenverein-barver.de\/?page_id=120","title":{"rendered":"Jugend"},"content":{"rendered":"\t\t<div data-elementor-type=\"wp-page\" data-elementor-id=\"120\" class=\"elementor elementor-120\">\n\t\t\t\t\t\t<section class=\"elementor-section elementor-top-section elementor-element elementor-element-1611e4ac elementor-section-boxed elementor-section-height-default elementor-section-height-default\" data-id=\"1611e4ac\" data-element_type=\"section\" data-settings=\"{&quot;jet_parallax_layout_list&quot;:[]}\">\n\t\t\t\t\t\t<div class=\"elementor-container elementor-column-gap-default\">\n\t\t\t\t\t<div class=\"elementor-column elementor-col-100 elementor-top-column elementor-element elementor-element-5ed13012\" data-id=\"5ed13012\" data-element_type=\"column\">\n\t\t\t<div class=\"elementor-widget-wrap elementor-element-populated\">\n\t\t\t\t\t\t<div class=\"elementor-element elementor-element-62ba269f elementor-widget elementor-widget-text-editor\" data-id=\"62ba269f\" data-element_type=\"widget\" data-widget_type=\"text-editor.default\">\n\t\t\t\t<div class=\"elementor-widget-container\">\n\t\t\t\t\t\t\t\t\t<p><strong><u>Jugend<\/u><\/strong><\/p><p>Zu den Jugendlichen z\u00e4hlst du, wenn du zwischen 16 und 24 Jahren alt bist.<\/p><p>Das \u00dcbungsschie\u00dfen findet jeden dritten Donnerstag im Monat statt. Das Schie\u00dfen geht von 19 Uhr bis 21 Uhr.<\/p><p>Am Sch\u00fctzenfest \u2013 Samstag ermittelt die Jugend ihren Jugendk\u00f6nig.<\/p><p>Organisiert wird die Jugendarbeit durch die 4. Schie\u00dfwartin Katharina Kenneweg, Tel.: 0151 40095012.<\/p><p>Die Jugend nimmt j\u00e4hrlich an mehreren ausw\u00e4rtigen Jugend-Pokalschie\u00dfen teil wie z.B. beim Jugendpokalschie\u00dfen zum Bockbierfest in Wetschen, oder dem Schie\u00dfen zum Herbstmarkt in Rehden. Au\u00dferdem treffen sich die Jugendlichen in unregelm\u00e4\u00dfigen Abst\u00e4nden zu weiteren \u00dcbungsschie\u00dfen mit anschlie\u00dfendem gem\u00fctlichem Beisammensein.<\/p>\t\t\t\t\t\t\t\t<\/div>\n\t\t\t\t<\/div>\n\t\t\t\t\t<\/div>\n\t\t<\/div>\n\t\t\t\t\t<\/div>\n\t\t<\/section>\n\t\t\t\t<\/div>\n\t\t","protected":false},"excerpt":{"rendered":"<p>Jugend Zu den Jugendlichen z\u00e4hlst du, wenn du zwischen 16 und 24 Jahren alt bist. Das \u00dcbungsschie\u00dfen findet jeden dritten Donnerstag im Monat statt. Das Schie\u00dfen geht von 19 Uhr [&hellip;]<\/p>\n","protected":false},"author":1,"featured_media":0,"parent":0,"menu_order":0,"comment_status":"closed","ping_status":"closed","template":"","meta":{"footnotes":""},"class_list":["post-120","page","type-page","status-publish","hentry"],"_links":{"self":[{"href":"http:\/\/schuetzenverein-barver.de\/index.php?rest_route=\/wp\/v2\/pages\/120","targetHints":{"allow":["GET"]}}],"collection":[{"href":"http:\/\/schuetzenverein-barver.de\/index.php?rest_route=\/wp\/v2\/pages"}],"about":[{"href":"http:\/\/schuetzenverein-barver.de\/index.php?rest_route=\/wp\/v2\/types\/page"}],"author":[{"embeddable":true,"href":"http:\/\/schuetzenverein-barver.de\/index.php?rest_route=\/wp\/v2\/users\/1"}],"replies":[{"embeddable":true,"href":"http:\/\/schuetzenverein-barver.de\/index.php?rest_route=%2Fwp%2Fv2%2Fcomments&post=120"}],"version-history":[{"count":22,"href":"http:\/\/schuetzenverein-barver.de\/index.php?rest_route=\/wp\/v2\/pages\/120\/revisions"}],"predecessor-version":[{"id":1250,"href":"http:\/\/schuetzenverein-barver.de\/index.php?rest_route=\/wp\/v2\/pages\/120\/revisions\/1250"}],"wp:attachment":[{"href":"http:\/\/schuetzenverein-barver.de\/index.php?rest_route=%2Fwp%2Fv2%2Fmedia&parent=120"}],"curies":[{"name":"wp","href":"https:\/\/api.w.org\/{rel}","templated":true}]}}