{"id":122,"date":"2021-07-29T14:36:00","date_gmt":"2021-07-29T12:36:00","guid":{"rendered":"http:\/\/schuetzenverein-barver.de\/?page_id=122"},"modified":"2025-04-16T18:21:53","modified_gmt":"2025-04-16T16:21:53","slug":"kinder","status":"publish","type":"page","link":"http:\/\/schuetzenverein-barver.de\/?page_id=122","title":{"rendered":"Kinder"},"content":{"rendered":"\t\t<div data-elementor-type=\"wp-page\" data-elementor-id=\"122\" class=\"elementor elementor-122\">\n\t\t\t\t\t\t<section class=\"elementor-section elementor-top-section elementor-element elementor-element-6f86604e elementor-section-boxed elementor-section-height-default elementor-section-height-default\" data-id=\"6f86604e\" data-element_type=\"section\" data-settings=\"{&quot;jet_parallax_layout_list&quot;:[]}\">\n\t\t\t\t\t\t<div class=\"elementor-container elementor-column-gap-default\">\n\t\t\t\t\t<div class=\"elementor-column elementor-col-100 elementor-top-column elementor-element elementor-element-c8ced26\" data-id=\"c8ced26\" data-element_type=\"column\">\n\t\t\t<div class=\"elementor-widget-wrap elementor-element-populated\">\n\t\t\t\t\t\t<div class=\"elementor-element elementor-element-50897488 elementor-widget elementor-widget-text-editor\" data-id=\"50897488\" data-element_type=\"widget\" data-widget_type=\"text-editor.default\">\n\t\t\t\t<div class=\"elementor-widget-container\">\n\t\t\t\t\t\t\t\t\t<p><strong><u>Kinder<\/u><\/strong><\/p>\n<p>Zu den Kindern z\u00e4hlen alle Vereinsmitglieder zwischen 6 und 15 Jahren.<\/p>\n<p>Das \u00dcbungsschie\u00dfen findet jeden letzten Donnerstag im Monat von 16:00 bis 17:30 Uhr statt. Kinder von 6 bis 11 Jahren schie\u00dfen mit dem Lichtpunktgewehr, Kinder von 12 bis 15 Jahren schie\u00dfen mit dem Luftgewehr.<\/p>\n<p>Die Kinder ermitteln ihre K\u00f6nigin oder ihren K\u00f6nig am Himmelfahrtstag vor dem Sch\u00fctzenfest.<\/p>\n<p>Ansprechpartner f\u00fcr die Kinder ist der Schie\u00dfwart Falk Majehrke, Tel.: +49 172 5667267<\/p>\t\t\t\t\t\t\t\t<\/div>\n\t\t\t\t<\/div>\n\t\t\t\t\t<\/div>\n\t\t<\/div>\n\t\t\t\t\t<\/div>\n\t\t<\/section>\n\t\t\t\t<\/div>\n\t\t","protected":false},"excerpt":{"rendered":"<p>Kinder Zu den Kindern z\u00e4hlen alle Vereinsmitglieder zwischen 6 und 15 Jahren. Das \u00dcbungsschie\u00dfen findet jeden letzten Donnerstag im Monat von 16:00 bis 17:30 Uhr statt. Kinder von 6 bis [&hellip;]<\/p>\n","protected":false},"author":1,"featured_media":0,"parent":0,"menu_order":0,"comment_status":"closed","ping_status":"closed","template":"","meta":{"footnotes":""},"class_list":["post-122","page","type-page","status-publish","hentry"],"_links":{"self":[{"href":"http:\/\/schuetzenverein-barver.de\/index.php?rest_route=\/wp\/v2\/pages\/122","targetHints":{"allow":["GET"]}}],"collection":[{"href":"http:\/\/schuetzenverein-barver.de\/index.php?rest_route=\/wp\/v2\/pages"}],"about":[{"href":"http:\/\/schuetzenverein-barver.de\/index.php?rest_route=\/wp\/v2\/types\/page"}],"author":[{"embeddable":true,"href":"http:\/\/schuetzenverein-barver.de\/index.php?rest_route=\/wp\/v2\/users\/1"}],"replies":[{"embeddable":true,"href":"http:\/\/schuetzenverein-barver.de\/index.php?rest_route=%2Fwp%2Fv2%2Fcomments&post=122"}],"version-history":[{"count":13,"href":"http:\/\/schuetzenverein-barver.de\/index.php?rest_route=\/wp\/v2\/pages\/122\/revisions"}],"predecessor-version":[{"id":1253,"href":"http:\/\/schuetzenverein-barver.de\/index.php?rest_route=\/wp\/v2\/pages\/122\/revisions\/1253"}],"wp:attachment":[{"href":"http:\/\/schuetzenverein-barver.de\/index.php?rest_route=%2Fwp%2Fv2%2Fmedia&parent=122"}],"curies":[{"name":"wp","href":"https:\/\/api.w.org\/{rel}","templated":true}]}}