{"id":152,"date":"2021-07-29T14:41:41","date_gmt":"2021-07-29T12:41:41","guid":{"rendered":"http:\/\/schuetzenverein-barver.de\/?page_id=152"},"modified":"2021-08-01T15:38:54","modified_gmt":"2021-08-01T13:38:54","slug":"sanierung-schiessanlage","status":"publish","type":"page","link":"http:\/\/schuetzenverein-barver.de\/?page_id=152","title":{"rendered":"Sanierung Schie\u00dfanlage"},"content":{"rendered":"\t\t<div data-elementor-type=\"wp-page\" data-elementor-id=\"152\" class=\"elementor elementor-152\">\n\t\t\t\t\t\t<section class=\"elementor-section elementor-top-section elementor-element elementor-element-b95642e elementor-section-boxed elementor-section-height-default elementor-section-height-default\" data-id=\"b95642e\" data-element_type=\"section\" data-settings=\"{&quot;jet_parallax_layout_list&quot;:[{&quot;jet_parallax_layout_image&quot;:{&quot;url&quot;:&quot;&quot;,&quot;id&quot;:&quot;&quot;,&quot;size&quot;:&quot;&quot;},&quot;_id&quot;:&quot;88dd6b0&quot;,&quot;jet_parallax_layout_image_tablet&quot;:{&quot;url&quot;:&quot;&quot;,&quot;id&quot;:&quot;&quot;,&quot;size&quot;:&quot;&quot;},&quot;jet_parallax_layout_image_mobile&quot;:{&quot;url&quot;:&quot;&quot;,&quot;id&quot;:&quot;&quot;,&quot;size&quot;:&quot;&quot;},&quot;jet_parallax_layout_speed&quot;:{&quot;unit&quot;:&quot;%&quot;,&quot;size&quot;:50,&quot;sizes&quot;:[]},&quot;jet_parallax_layout_type&quot;:&quot;scroll&quot;,&quot;jet_parallax_layout_direction&quot;:null,&quot;jet_parallax_layout_fx_direction&quot;:null,&quot;jet_parallax_layout_z_index&quot;:&quot;&quot;,&quot;jet_parallax_layout_bg_x&quot;:50,&quot;jet_parallax_layout_bg_x_tablet&quot;:&quot;&quot;,&quot;jet_parallax_layout_bg_x_mobile&quot;:&quot;&quot;,&quot;jet_parallax_layout_bg_y&quot;:50,&quot;jet_parallax_layout_bg_y_tablet&quot;:&quot;&quot;,&quot;jet_parallax_layout_bg_y_mobile&quot;:&quot;&quot;,&quot;jet_parallax_layout_bg_size&quot;:&quot;auto&quot;,&quot;jet_parallax_layout_bg_size_tablet&quot;:&quot;&quot;,&quot;jet_parallax_layout_bg_size_mobile&quot;:&quot;&quot;,&quot;jet_parallax_layout_animation_prop&quot;:&quot;transform&quot;,&quot;jet_parallax_layout_on&quot;:[&quot;desktop&quot;,&quot;tablet&quot;]}]}\">\n\t\t\t\t\t\t<div class=\"elementor-container elementor-column-gap-default\">\n\t\t\t\t\t<div class=\"elementor-column elementor-col-100 elementor-top-column elementor-element elementor-element-4458c65\" data-id=\"4458c65\" data-element_type=\"column\">\n\t\t\t<div class=\"elementor-widget-wrap elementor-element-populated\">\n\t\t\t\t\t\t<div class=\"elementor-element elementor-element-37e9723 elementor-widget elementor-widget-heading\" data-id=\"37e9723\" data-element_type=\"widget\" data-widget_type=\"heading.default\">\n\t\t\t\t<div class=\"elementor-widget-container\">\n\t\t\t\t\t<h2 class=\"elementor-heading-title elementor-size-default\">Sanierung der Schie\u00dfanlage<\/h2>\t\t\t\t<\/div>\n\t\t\t\t<\/div>\n\t\t\t\t\t<\/div>\n\t\t<\/div>\n\t\t\t\t\t<\/div>\n\t\t<\/section>\n\t\t\t\t<section class=\"elementor-section elementor-top-section elementor-element elementor-element-a729024 elementor-section-boxed elementor-section-height-default elementor-section-height-default\" data-id=\"a729024\" data-element_type=\"section\" data-settings=\"{&quot;jet_parallax_layout_list&quot;:[{&quot;jet_parallax_layout_image&quot;:{&quot;url&quot;:&quot;&quot;,&quot;id&quot;:&quot;&quot;,&quot;size&quot;:&quot;&quot;},&quot;_id&quot;:&quot;95964d8&quot;,&quot;jet_parallax_layout_image_tablet&quot;:{&quot;url&quot;:&quot;&quot;,&quot;id&quot;:&quot;&quot;,&quot;size&quot;:&quot;&quot;},&quot;jet_parallax_layout_image_mobile&quot;:{&quot;url&quot;:&quot;&quot;,&quot;id&quot;:&quot;&quot;,&quot;size&quot;:&quot;&quot;},&quot;jet_parallax_layout_speed&quot;:{&quot;unit&quot;:&quot;%&quot;,&quot;size&quot;:50,&quot;sizes&quot;:[]},&quot;jet_parallax_layout_type&quot;:&quot;scroll&quot;,&quot;jet_parallax_layout_direction&quot;:null,&quot;jet_parallax_layout_fx_direction&quot;:null,&quot;jet_parallax_layout_z_index&quot;:&quot;&quot;,&quot;jet_parallax_layout_bg_x&quot;:50,&quot;jet_parallax_layout_bg_x_tablet&quot;:&quot;&quot;,&quot;jet_parallax_layout_bg_x_mobile&quot;:&quot;&quot;,&quot;jet_parallax_layout_bg_y&quot;:50,&quot;jet_parallax_layout_bg_y_tablet&quot;:&quot;&quot;,&quot;jet_parallax_layout_bg_y_mobile&quot;:&quot;&quot;,&quot;jet_parallax_layout_bg_size&quot;:&quot;auto&quot;,&quot;jet_parallax_layout_bg_size_tablet&quot;:&quot;&quot;,&quot;jet_parallax_layout_bg_size_mobile&quot;:&quot;&quot;,&quot;jet_parallax_layout_animation_prop&quot;:&quot;transform&quot;,&quot;jet_parallax_layout_on&quot;:[&quot;desktop&quot;,&quot;tablet&quot;]}]}\">\n\t\t\t\t\t\t<div class=\"elementor-container elementor-column-gap-default\">\n\t\t\t\t\t<div class=\"elementor-column elementor-col-100 elementor-top-column elementor-element elementor-element-220fadd\" data-id=\"220fadd\" data-element_type=\"column\">\n\t\t\t<div class=\"elementor-widget-wrap elementor-element-populated\">\n\t\t\t\t\t\t<div class=\"elementor-element elementor-element-c9346e4 elementor-widget elementor-widget-text-editor\" data-id=\"c9346e4\" data-element_type=\"widget\" data-widget_type=\"text-editor.default\">\n\t\t\t\t<div class=\"elementor-widget-container\">\n\t\t\t\t\t\t\t\t\t<p><span style=\"text-decoration: underline;\"><strong>August 2014<\/strong><\/span><\/p><p>In diesem Jahr wollen wir unseren Schie\u00dfstand sanieren, und somit auf den neuesten Stand der Technik bringen. In diesem Zuge sollen 7 vorhandene Zuganlagen demontiert und durch 5 elektronische Schu\u00dfermittlungsanlagen ersetzt werden. Hierbei ist die Wahl auf Anlagen der Fa. Meyton gefallen, da mit solchen Anlagen, z.B. beim Sch\u00fctzenverein Rehden, gute Erfahrungen gemacht wurden. Diese Anlagen sind st\u00f6rungsunanf\u00e4llig und haben einen sehr geringen Wartungsaufwand.<\/p><p>Da es sich bei den Meyton-Anlagen um computergest\u00fctzte Anlagen handelt, m\u00fcssen einige bauliche Ver\u00e4nderungen vorgenommen werden, wie z.B. :<\/p><ul><li>Verkleidung der Kugelf\u00e4nge<\/li><li>Anbringen von Holz-Glaselementen auf der Br\u00fcstung des Schie\u00dfstandes<\/li><li>Installation einer Heizung im Schie\u00dfstand<\/li><li>Modernisierung der elektrischen Anlage<\/li><\/ul><p>Die Finanzierung der mindestens ben\u00f6tigten 50.000 Euro sieht folgenderma\u00dfen aus:<\/p><ul><li>10.000 Euro Eigenkapital des Sch\u00fctzenvereins<\/li><li>10.000 Euro Zuschuss von der Gemeinde Barver<\/li><li>\u00a03.000 Euro Zuschuss von der Kyffh\u00e4userkameradschaft Barver<\/li><li>30.000 Euro Darlehn, welches durch Sonderzahlungen der Mitglieder von j\u00e4hrlich 20,00 Euro getilgt wird<\/li><\/ul><p><span style=\"text-decoration: underline;\"><strong>September 2014<\/strong><\/span><\/p><p>Am Mittwoch, dem 17.09.2014 erfolgte die Schlussinstallation durch einen Vertreter der Fa. Meyton. Anschlie\u00dfend erhielten die Schie\u00dfwarte des Sch\u00fctzenvereins und der Kyffh\u00e4userkameradschaft eine ca. 3- st\u00fcndige Einweisung in die Technik. Anschlie\u00dfend waren sich alle einig, dass noch viele Tage flei\u00dfiges Ausprobieren und \u00dcben anstehen, bevor die ersten Schie\u00dfwettbewerbe ausgerichtet werden k\u00f6nnen.<\/p><p>Fest steht aber jetzt schon, dass allen Interessierten, auch Nichtmitgliedern, am Sonntag, dem 05.10.2014, im Rahmen eines \u201eTages der offenen T\u00fcr\u201c die M\u00f6glichkeit gegeben werden soll, einige Sch\u00fcsse abzugeben und einen Blick hinter die Kulissen zu werfen.<\/p><p><span style=\"text-decoration: underline;\"><strong>Oktober 2014<\/strong><\/span><\/p><p>Der \u201eTag der offenen T\u00fcr\u201c hat hinsichtlich der Besucherzahlen die Erwartungen bei weitem \u00fcbertroffen. Die von den Damen kredenzte Kaffeetafel wurde gut angekommen, nahezu jeder Gast gab einige Sch\u00fcsse ab und bei gek\u00fchlten Getr\u00e4nken wurde das eine oder andere Fachgespr\u00e4ch\u00a0gef\u00fchrt.\u00a0S\u00e4mtliche Besucher waren voll des Lobes \u00fcber die get\u00e4tigten Ma\u00dfnahmen, dies wurde auch noch von B\u00fcrgermeiste Detlev Osterbrink in seinem Gru\u00dfwort verdeutlicht. Die erste Bew\u00e4hrungsprobe haben die Technik und die Verantwortlichen des Vereins am Sonntag, dem 12. 10. 2014 ab 15.00 Uhr, denn dann\u00a0findet\u00a0das erste vereinsinterne Schie\u00dfen auf der modernisierten Anlage statt.<\/p>\t\t\t\t\t\t\t\t<\/div>\n\t\t\t\t<\/div>\n\t\t\t\t\t<\/div>\n\t\t<\/div>\n\t\t\t\t\t<\/div>\n\t\t<\/section>\n\t\t\t\t<\/div>\n\t\t","protected":false},"excerpt":{"rendered":"<p>Sanierung der Schie\u00dfanlage August 2014 In diesem Jahr wollen wir unseren Schie\u00dfstand sanieren, und somit auf den neuesten Stand der Technik bringen. In diesem Zuge sollen 7 vorhandene Zuganlagen demontiert [&hellip;]<\/p>\n","protected":false},"author":1,"featured_media":0,"parent":0,"menu_order":0,"comment_status":"closed","ping_status":"closed","template":"","meta":{"footnotes":""},"class_list":["post-152","page","type-page","status-publish","hentry"],"_links":{"self":[{"href":"http:\/\/schuetzenverein-barver.de\/index.php?rest_route=\/wp\/v2\/pages\/152","targetHints":{"allow":["GET"]}}],"collection":[{"href":"http:\/\/schuetzenverein-barver.de\/index.php?rest_route=\/wp\/v2\/pages"}],"about":[{"href":"http:\/\/schuetzenverein-barver.de\/index.php?rest_route=\/wp\/v2\/types\/page"}],"author":[{"embeddable":true,"href":"http:\/\/schuetzenverein-barver.de\/index.php?rest_route=\/wp\/v2\/users\/1"}],"replies":[{"embeddable":true,"href":"http:\/\/schuetzenverein-barver.de\/index.php?rest_route=%2Fwp%2Fv2%2Fcomments&post=152"}],"version-history":[{"count":4,"href":"http:\/\/schuetzenverein-barver.de\/index.php?rest_route=\/wp\/v2\/pages\/152\/revisions"}],"predecessor-version":[{"id":594,"href":"http:\/\/schuetzenverein-barver.de\/index.php?rest_route=\/wp\/v2\/pages\/152\/revisions\/594"}],"wp:attachment":[{"href":"http:\/\/schuetzenverein-barver.de\/index.php?rest_route=%2Fwp%2Fv2%2Fmedia&parent=152"}],"curies":[{"name":"wp","href":"https:\/\/api.w.org\/{rel}","templated":true}]}}