{"id":97,"date":"2021-07-29T14:19:58","date_gmt":"2021-07-29T12:19:58","guid":{"rendered":"http:\/\/schuetzenverein-barver.de\/?page_id=97"},"modified":"2024-10-28T21:04:35","modified_gmt":"2024-10-28T20:04:35","slug":"aktuelles","status":"publish","type":"page","link":"http:\/\/schuetzenverein-barver.de\/?page_id=97","title":{"rendered":"Aktuelles"},"content":{"rendered":"\t\t<div data-elementor-type=\"wp-page\" data-elementor-id=\"97\" class=\"elementor elementor-97\">\n\t\t\t\t\t\t<section class=\"elementor-section elementor-top-section elementor-element elementor-element-71e83e40 elementor-section-boxed elementor-section-height-default elementor-section-height-default\" data-id=\"71e83e40\" data-element_type=\"section\" data-settings=\"{&quot;jet_parallax_layout_list&quot;:[]}\">\n\t\t\t\t\t\t<div class=\"elementor-container elementor-column-gap-default\">\n\t\t\t\t\t<div class=\"elementor-column elementor-col-100 elementor-top-column elementor-element elementor-element-3ba2f6b6\" data-id=\"3ba2f6b6\" data-element_type=\"column\">\n\t\t\t<div class=\"elementor-widget-wrap elementor-element-populated\">\n\t\t\t\t\t\t<div class=\"elementor-element elementor-element-25dd7666 elementor-widget elementor-widget-text-editor\" data-id=\"25dd7666\" data-element_type=\"widget\" data-widget_type=\"text-editor.default\">\n\t\t\t\t<div class=\"elementor-widget-container\">\n\t\t\t\t\t\t\t\t\t<div class=\"pt-cv-wrapper\">\n<div class=\"pt-cv-view pt-cv-grid pt-cv-colsys\" id=\"pt-cv-view-0374ab2cg6\">\n<div data-id=\"pt-cv-page-1\" class=\"pt-cv-page\" data-cvc=\"1\">\n<div class=\"col-md-12 col-sm-12 col-xs-12 pt-cv-content-item pt-cv-2-col\" >\n<div class='pt-cv-ifield'><a href=\"http:\/\/schuetzenverein-barver.de\/?p=1240\" class=\"_self pt-cv-href-thumbnail pt-cv-thumb-left\" target=\"_self\" ><img decoding=\"async\" width=\"300\" height=\"149\" src=\"http:\/\/schuetzenverein-barver.de\/wp-content\/uploads\/2025\/04\/Erwachsene4.25-scaled-e1744296419823-300x149.jpg\" class=\"pt-cv-thumbnail pull-left\" alt=\"\" srcset=\"http:\/\/schuetzenverein-barver.de\/wp-content\/uploads\/2025\/04\/Erwachsene4.25-scaled-e1744296419823-300x149.jpg 300w, http:\/\/schuetzenverein-barver.de\/wp-content\/uploads\/2025\/04\/Erwachsene4.25-scaled-e1744296419823-1024x508.jpg 1024w, http:\/\/schuetzenverein-barver.de\/wp-content\/uploads\/2025\/04\/Erwachsene4.25-scaled-e1744296419823-768x381.jpg 768w, http:\/\/schuetzenverein-barver.de\/wp-content\/uploads\/2025\/04\/Erwachsene4.25-scaled-e1744296419823-1536x762.jpg 1536w, http:\/\/schuetzenverein-barver.de\/wp-content\/uploads\/2025\/04\/Erwachsene4.25-scaled-e1744296419823-2048x1016.jpg 2048w\" sizes=\"(max-width: 300px) 100vw, 300px\" \/><\/a><\/p>\n<h4 class=\"pt-cv-title\"><a href=\"http:\/\/schuetzenverein-barver.de\/?p=1240\" class=\"_self\" target=\"_self\" >Erstes Schie\u00dfen in 2025<\/a><\/h4>\n<div class=\"pt-cv-content\">Der Sch\u00fctzenverein Barver startete am vergangenen Freitag in die neue Schie\u00dfsaison. Im Dorfgemeinschaftshaus konnten um Preise, Er-und Sie Pokal (1.Durchganag), Sch\u00fctzen und Sch\u00fctzenalterspokal, den Adjutantenpokal sowie um den Kinder-Wanderpokal gerungen werden. Auch die 4. Bedingung, der sogenannte Hoffnungslauf stand mit &#8230;<\/p>\n<div class=\"pt-cv-rmwrap\"><a href=\"http:\/\/schuetzenverein-barver.de\/?p=1240\" class=\"_self pt-cv-readmore btn btn-success\" target=\"_self\">Weiterlesen \u2026<\/a><\/div>\n<\/div>\n<\/div>\n<\/div>\n<div class=\"col-md-12 col-sm-12 col-xs-12 pt-cv-content-item pt-cv-2-col\" >\n<div class='pt-cv-ifield'><a href=\"http:\/\/schuetzenverein-barver.de\/?p=1193\" class=\"_self pt-cv-href-thumbnail pt-cv-thumb-left\" target=\"_self\" ><img decoding=\"async\" width=\"300\" height=\"132\" src=\"http:\/\/schuetzenverein-barver.de\/wp-content\/uploads\/2025\/01\/20241228_212821a-scaled-e1736365600813-300x132.jpg\" class=\"pt-cv-thumbnail pull-left\" alt=\"\" srcset=\"http:\/\/schuetzenverein-barver.de\/wp-content\/uploads\/2025\/01\/20241228_212821a-scaled-e1736365600813-300x132.jpg 300w, http:\/\/schuetzenverein-barver.de\/wp-content\/uploads\/2025\/01\/20241228_212821a-scaled-e1736365600813-1024x452.jpg 1024w, http:\/\/schuetzenverein-barver.de\/wp-content\/uploads\/2025\/01\/20241228_212821a-scaled-e1736365600813-768x339.jpg 768w, http:\/\/schuetzenverein-barver.de\/wp-content\/uploads\/2025\/01\/20241228_212821a-scaled-e1736365600813-1536x678.jpg 1536w, http:\/\/schuetzenverein-barver.de\/wp-content\/uploads\/2025\/01\/20241228_212821a-scaled-e1736365600813-2048x904.jpg 2048w\" sizes=\"(max-width: 300px) 100vw, 300px\" \/><\/a><\/p>\n<h4 class=\"pt-cv-title\"><a href=\"http:\/\/schuetzenverein-barver.de\/?p=1193\" class=\"_self\" target=\"_self\" >Jahreshauptversammlung 2024<\/a><\/h4>\n<div class=\"pt-cv-content\">Friedrich Schumacher zum Ehrenpr\u00e4sidenten ernannt \u00a0Die Jahreshauptversammlung des Sch\u00fctzenvereins Barver erfolgte am vergangenen Samstag bei guter Beteiligung im Dorfgemeinschaftshaus Barver, teilt Gabriele Freitag f\u00fcr den Vorstand mit. Pr\u00e4sident Olaf Freitag und der Stellvertreter J\u00fcrgen Uhlenberg lie\u00dfen die Aktivit\u00e4ten der zur\u00fcckliegenden &#8230;<\/p>\n<div class=\"pt-cv-rmwrap\"><a href=\"http:\/\/schuetzenverein-barver.de\/?p=1193\" class=\"_self pt-cv-readmore btn btn-success\" target=\"_self\">Weiterlesen \u2026<\/a><\/div>\n<\/div>\n<\/div>\n<\/div>\n<div class=\"col-md-12 col-sm-12 col-xs-12 pt-cv-content-item pt-cv-2-col\" >\n<div class='pt-cv-ifield'><a href=\"http:\/\/schuetzenverein-barver.de\/?p=1108\" class=\"_self pt-cv-href-thumbnail pt-cv-thumb-left\" target=\"_self\" ><img fetchpriority=\"high\" decoding=\"async\" width=\"300\" height=\"225\" src=\"http:\/\/schuetzenverein-barver.de\/wp-content\/uploads\/2024\/11\/20241003_153408-300x225.jpg\" class=\"pt-cv-thumbnail pull-left\" alt=\"\" srcset=\"http:\/\/schuetzenverein-barver.de\/wp-content\/uploads\/2024\/11\/20241003_153408-300x225.jpg 300w, http:\/\/schuetzenverein-barver.de\/wp-content\/uploads\/2024\/11\/20241003_153408-1024x768.jpg 1024w, http:\/\/schuetzenverein-barver.de\/wp-content\/uploads\/2024\/11\/20241003_153408-768x576.jpg 768w, http:\/\/schuetzenverein-barver.de\/wp-content\/uploads\/2024\/11\/20241003_153408-1536x1152.jpg 1536w, http:\/\/schuetzenverein-barver.de\/wp-content\/uploads\/2024\/11\/20241003_153408-2048x1536.jpg 2048w\" sizes=\"(max-width: 300px) 100vw, 300px\" \/><\/a><\/p>\n<h4 class=\"pt-cv-title\"><a href=\"http:\/\/schuetzenverein-barver.de\/?p=1108\" class=\"_self\" target=\"_self\" >Seniorennachmittag 2024<\/a><\/h4>\n<div class=\"pt-cv-content\">Seniorennachmittag im Dorfgemeinschaftshaus Der Sch\u00fctzenverein Barver hatte zum Seniorennachmittag ins Dorfgemeinschaftshaus eingeladen. Neben Kaffee und Kuchen wurde den G\u00e4sten nach einer kleinen Andacht von Pastor Dimitri Schweitz ein Preisschie\u00dfen und ein Sch\u00e4tzspiel angeboten. Im verlauf des Nachmittags wurden die zwei &#8230;<\/p>\n<div class=\"pt-cv-rmwrap\"><a href=\"http:\/\/schuetzenverein-barver.de\/?p=1108\" class=\"_self pt-cv-readmore btn btn-success\" target=\"_self\">Weiterlesen \u2026<\/a><\/div>\n<\/div>\n<\/div>\n<\/div>\n<div class=\"col-md-12 col-sm-12 col-xs-12 pt-cv-content-item pt-cv-2-col\" >\n<div class='pt-cv-ifield'><a href=\"http:\/\/schuetzenverein-barver.de\/?p=886\" class=\"_self pt-cv-href-thumbnail pt-cv-thumb-left\" target=\"_self\" ><img loading=\"lazy\" decoding=\"async\" width=\"300\" height=\"169\" src=\"http:\/\/schuetzenverein-barver.de\/wp-content\/uploads\/2023\/01\/2022-12-28-JHV-e1673096734962-300x169.jpg\" class=\"pt-cv-thumbnail pull-left\" alt=\"\" srcset=\"http:\/\/schuetzenverein-barver.de\/wp-content\/uploads\/2023\/01\/2022-12-28-JHV-e1673096734962-300x169.jpg 300w, http:\/\/schuetzenverein-barver.de\/wp-content\/uploads\/2023\/01\/2022-12-28-JHV-e1673096734962.jpg 600w\" sizes=\"(max-width: 300px) 100vw, 300px\" \/><\/a><\/p>\n<h4 class=\"pt-cv-title\"><a href=\"http:\/\/schuetzenverein-barver.de\/?p=886\" class=\"_self\" target=\"_self\" >Jahreshauptversammlung 28.12.2022<\/a><\/h4>\n<div class=\"pt-cv-content\">In Vertretung des erkrankten Vorsitzenden Friedrich Schumacher begr\u00fc\u00dfte sein Stellvertreter Olaf Freitag die 51 erschienen Mitglieder zur diesj\u00e4hrigen Jahreshauptversammlung. Nachdem die Beschlussf\u00e4higkeit der Versammlung festgestellt war, wurde in einer Schweigeminute den im Jahre 2022 verstorbenen Sch\u00fctzen G\u00fcnter Riesch, Wilfried Langhorst &#8230;<\/p>\n<div class=\"pt-cv-rmwrap\"><a href=\"http:\/\/schuetzenverein-barver.de\/?p=886\" class=\"_self pt-cv-readmore btn btn-success\" target=\"_self\">Weiterlesen \u2026<\/a><\/div>\n<\/div>\n<\/div>\n<\/div>\n<div class=\"col-md-12 col-sm-12 col-xs-12 pt-cv-content-item pt-cv-2-col\" >\n<div class='pt-cv-ifield'><a href=\"http:\/\/schuetzenverein-barver.de\/?p=881\" class=\"_self pt-cv-href-thumbnail pt-cv-thumb-left\" target=\"_self\" ><img loading=\"lazy\" decoding=\"async\" width=\"184\" height=\"192\" src=\"http:\/\/schuetzenverein-barver.de\/wp-content\/uploads\/2022\/11\/Emblem.png\" class=\"pt-cv-thumbnail pull-left\" alt=\"\" \/><\/a><\/p>\n<h4 class=\"pt-cv-title\"><a href=\"http:\/\/schuetzenverein-barver.de\/?p=881\" class=\"_self\" target=\"_self\" >Nicht vergessen: Jahreshauptversammlung 2022<\/a><\/h4>\n<div class=\"pt-cv-content\">Die diesj\u00e4hrige Jahreshauptversammlung findet am 28.12.2022 um 19:30 im Dorfgemeinschaftshaus statt. Antr\u00e4ge an die Jahreshauptversammlung m\u00fcssen mindestens 7 Tage vor der Versammlung, bis zum 21.12.2022, schriftlich beim Vorstand eingereicht werden &#8230;<\/p>\n<div class=\"pt-cv-rmwrap\"><a href=\"http:\/\/schuetzenverein-barver.de\/?p=881\" class=\"_self pt-cv-readmore btn btn-success\" target=\"_self\">Weiterlesen \u2026<\/a><\/div>\n<\/div>\n<\/div>\n<\/div>\n<div class=\"col-md-12 col-sm-12 col-xs-12 pt-cv-content-item pt-cv-2-col\" >\n<div class='pt-cv-ifield'><a href=\"http:\/\/schuetzenverein-barver.de\/?p=877\" class=\"_self pt-cv-href-thumbnail pt-cv-thumb-left\" target=\"_self\" ><img loading=\"lazy\" decoding=\"async\" width=\"300\" height=\"225\" src=\"http:\/\/schuetzenverein-barver.de\/wp-content\/uploads\/2022\/11\/IMG_6085-300x225.jpg\" class=\"pt-cv-thumbnail pull-left\" alt=\"\" srcset=\"http:\/\/schuetzenverein-barver.de\/wp-content\/uploads\/2022\/11\/IMG_6085-300x225.jpg 300w, http:\/\/schuetzenverein-barver.de\/wp-content\/uploads\/2022\/11\/IMG_6085-1024x768.jpg 1024w, http:\/\/schuetzenverein-barver.de\/wp-content\/uploads\/2022\/11\/IMG_6085-768x576.jpg 768w, http:\/\/schuetzenverein-barver.de\/wp-content\/uploads\/2022\/11\/IMG_6085-1536x1152.jpg 1536w, http:\/\/schuetzenverein-barver.de\/wp-content\/uploads\/2022\/11\/IMG_6085-2048x1536.jpg 2048w\" sizes=\"(max-width: 300px) 100vw, 300px\" \/><\/a><\/p>\n<h4 class=\"pt-cv-title\"><a href=\"http:\/\/schuetzenverein-barver.de\/?p=877\" class=\"_self\" target=\"_self\" >Abschlu\u00dfschie\u00dfen 12.11.2022<\/a><\/h4>\n<div class=\"pt-cv-content\">Das diesj\u00e4hrige Abschlussschie\u00dfen fand am 12.11.2022 im Dorfgemeinschaftshaus statt, und war mit \u00fcber 30 Mitgliedern recht gut besucht. Neben dem gem\u00fctlichen Beisammensein ging es auf dem Schie\u00dfstand um die 3. Bedingung und um die letzte Gelegenheit f\u00fcr die Vereinsmeisterschaften zu &#8230;<\/p>\n<div class=\"pt-cv-rmwrap\"><a href=\"http:\/\/schuetzenverein-barver.de\/?p=877\" class=\"_self pt-cv-readmore btn btn-success\" target=\"_self\">Weiterlesen \u2026<\/a><\/div>\n<\/div>\n<\/div>\n<\/div>\n<div class=\"col-md-12 col-sm-12 col-xs-12 pt-cv-content-item pt-cv-2-col\" >\n<div class='pt-cv-ifield'><a href=\"http:\/\/schuetzenverein-barver.de\/?p=871\" class=\"_self pt-cv-href-thumbnail pt-cv-thumb-left\" target=\"_self\" ><img loading=\"lazy\" decoding=\"async\" width=\"300\" height=\"225\" src=\"http:\/\/schuetzenverein-barver.de\/wp-content\/uploads\/2022\/10\/20221015_151634-300x225.jpg\" class=\"pt-cv-thumbnail pull-left\" alt=\"\" srcset=\"http:\/\/schuetzenverein-barver.de\/wp-content\/uploads\/2022\/10\/20221015_151634-300x225.jpg 300w, http:\/\/schuetzenverein-barver.de\/wp-content\/uploads\/2022\/10\/20221015_151634-1024x768.jpg 1024w, http:\/\/schuetzenverein-barver.de\/wp-content\/uploads\/2022\/10\/20221015_151634-768x576.jpg 768w, http:\/\/schuetzenverein-barver.de\/wp-content\/uploads\/2022\/10\/20221015_151634-1536x1152.jpg 1536w, http:\/\/schuetzenverein-barver.de\/wp-content\/uploads\/2022\/10\/20221015_151634-2048x1536.jpg 2048w\" sizes=\"(max-width: 300px) 100vw, 300px\" \/><\/a><\/p>\n<h4 class=\"pt-cv-title\"><a href=\"http:\/\/schuetzenverein-barver.de\/?p=871\" class=\"_self\" target=\"_self\" >Seniorennachmittag 15.10.2022<\/a><\/h4>\n<div class=\"pt-cv-content\">Am Samstag, dem 15.10.2022 hatte der Sch\u00fctzenverein zum diesj\u00e4hrigen Seniorennachmittag in das Dorfgemeinschaftshaus eingeladen. Nach der Begr\u00fc\u00dfung durch den 1. Vorsitzenden Friedrich Schumacher hielt Pastor Dimitri Schweitz eine kurze Andacht. Anschlie\u00dfend konnten sich alle Anwesenden an dem reichhaltigen Buffet bedienen, &#8230;<\/p>\n<div class=\"pt-cv-rmwrap\"><a href=\"http:\/\/schuetzenverein-barver.de\/?p=871\" class=\"_self pt-cv-readmore btn btn-success\" target=\"_self\">Weiterlesen \u2026<\/a><\/div>\n<\/div>\n<\/div>\n<\/div>\n<div class=\"col-md-12 col-sm-12 col-xs-12 pt-cv-content-item pt-cv-2-col\" >\n<div class='pt-cv-ifield'><a href=\"http:\/\/schuetzenverein-barver.de\/?p=861\" class=\"_self pt-cv-href-thumbnail pt-cv-thumb-left\" target=\"_self\" ><img loading=\"lazy\" decoding=\"async\" width=\"300\" height=\"225\" src=\"http:\/\/schuetzenverein-barver.de\/wp-content\/uploads\/2022\/09\/2022-SG-Pokal-300x225.jpg\" class=\"pt-cv-thumbnail pull-left\" alt=\"\" srcset=\"http:\/\/schuetzenverein-barver.de\/wp-content\/uploads\/2022\/09\/2022-SG-Pokal-300x225.jpg 300w, http:\/\/schuetzenverein-barver.de\/wp-content\/uploads\/2022\/09\/2022-SG-Pokal-1024x768.jpg 1024w, http:\/\/schuetzenverein-barver.de\/wp-content\/uploads\/2022\/09\/2022-SG-Pokal-768x576.jpg 768w, http:\/\/schuetzenverein-barver.de\/wp-content\/uploads\/2022\/09\/2022-SG-Pokal-1536x1152.jpg 1536w, http:\/\/schuetzenverein-barver.de\/wp-content\/uploads\/2022\/09\/2022-SG-Pokal.jpg 2016w\" sizes=\"(max-width: 300px) 100vw, 300px\" \/><\/a><\/p>\n<h4 class=\"pt-cv-title\"><a href=\"http:\/\/schuetzenverein-barver.de\/?p=861\" class=\"_self\" target=\"_self\" >Samtgemeindepokalschie\u00dfen 2022 in Rehden<\/a><\/h4>\n<div class=\"pt-cv-content\">Am Sonntag, dem 25.09.2022 hat der Sch\u00fctzenverein Barver mit 19 Sch\u00fctzinnen und Sch\u00fctzen am Samtgemeinde- Pokalschie\u00dfen in Rehden teilgenommen. F\u00fcr die Herren gingen an den Start: Klaus Klapproth, Manfred Schumacher, Sven Gehlker, Wilfried Schr\u00f6der, Friedrich Schumacher, Olaf Freitag, Uwe Scheide &#8230;<\/p>\n<div class=\"pt-cv-rmwrap\"><a href=\"http:\/\/schuetzenverein-barver.de\/?p=861\" class=\"_self pt-cv-readmore btn btn-success\" target=\"_self\">Weiterlesen \u2026<\/a><\/div>\n<\/div>\n<\/div>\n<\/div>\n<div class=\"col-md-12 col-sm-12 col-xs-12 pt-cv-content-item pt-cv-2-col\" >\n<div class='pt-cv-ifield'><a href=\"http:\/\/schuetzenverein-barver.de\/?p=850\" class=\"_self pt-cv-href-thumbnail pt-cv-thumb-left\" target=\"_self\" ><img loading=\"lazy\" decoding=\"async\" width=\"300\" height=\"225\" src=\"http:\/\/schuetzenverein-barver.de\/wp-content\/uploads\/2022\/09\/2022-09-16-2.-Bedingung-300x225.jpg\" class=\"pt-cv-thumbnail pull-left\" alt=\"\" srcset=\"http:\/\/schuetzenverein-barver.de\/wp-content\/uploads\/2022\/09\/2022-09-16-2.-Bedingung-300x225.jpg 300w, http:\/\/schuetzenverein-barver.de\/wp-content\/uploads\/2022\/09\/2022-09-16-2.-Bedingung-1024x768.jpg 1024w, http:\/\/schuetzenverein-barver.de\/wp-content\/uploads\/2022\/09\/2022-09-16-2.-Bedingung-768x576.jpg 768w, http:\/\/schuetzenverein-barver.de\/wp-content\/uploads\/2022\/09\/2022-09-16-2.-Bedingung-1536x1152.jpg 1536w, http:\/\/schuetzenverein-barver.de\/wp-content\/uploads\/2022\/09\/2022-09-16-2.-Bedingung-2048x1536.jpg 2048w\" sizes=\"(max-width: 300px) 100vw, 300px\" \/><\/a><\/p>\n<h4 class=\"pt-cv-title\"><a href=\"http:\/\/schuetzenverein-barver.de\/?p=850\" class=\"_self\" target=\"_self\" >2. Bedingungsschie\u00dfen 16.09.2022<\/a><\/h4>\n<div class=\"pt-cv-content\">Am Freitag um 19:00 Uhr fand im Dorfgemeinschaftshaus das 2. Bedingungsschie\u00dfen statt. F\u00fcr das leibliche Wohl hatten die beiden Damenwartinnen Anke Gehlker und Marita Schr\u00f6der Frikadellen zubereitet, und Klaus Tiedemann und Wilfried Schr\u00f6der k\u00fcmmerten sich darum, dass kein Sch\u00fctze und &#8230;<\/p>\n<div class=\"pt-cv-rmwrap\"><a href=\"http:\/\/schuetzenverein-barver.de\/?p=850\" class=\"_self pt-cv-readmore btn btn-success\" target=\"_self\">Weiterlesen \u2026<\/a><\/div>\n<\/div>\n<\/div>\n<\/div>\n<div class=\"col-md-12 col-sm-12 col-xs-12 pt-cv-content-item pt-cv-2-col\" >\n<div class='pt-cv-ifield'><a href=\"http:\/\/schuetzenverein-barver.de\/?p=808\" class=\"_self pt-cv-href-thumbnail pt-cv-thumb-left\" target=\"_self\" ><img loading=\"lazy\" decoding=\"async\" width=\"300\" height=\"225\" src=\"http:\/\/schuetzenverein-barver.de\/wp-content\/uploads\/2022\/09\/cedbc160-1933-45fe-83da-03e7df871343-002-300x225.jpg\" class=\"pt-cv-thumbnail pull-left\" alt=\"\" srcset=\"http:\/\/schuetzenverein-barver.de\/wp-content\/uploads\/2022\/09\/cedbc160-1933-45fe-83da-03e7df871343-002-300x225.jpg 300w, http:\/\/schuetzenverein-barver.de\/wp-content\/uploads\/2022\/09\/cedbc160-1933-45fe-83da-03e7df871343-002-768x576.jpg 768w, http:\/\/schuetzenverein-barver.de\/wp-content\/uploads\/2022\/09\/cedbc160-1933-45fe-83da-03e7df871343-002.jpg 1024w\" sizes=\"(max-width: 300px) 100vw, 300px\" \/><\/a><\/p>\n<h4 class=\"pt-cv-title\"><a href=\"http:\/\/schuetzenverein-barver.de\/?p=808\" class=\"_self\" target=\"_self\" >Kreisk\u00f6nigstreffen 2022 in Kuppendorf<\/a><\/h4>\n<div class=\"pt-cv-content\">Am Samstag, dem 10.09.2022 fuhr unsere K\u00f6nigin Katharina I. Kenneweg in Begleitung von Schie\u00dfwart Klaus Klapproth nach Kuppendorf zum Schie\u00dfen um die Kreisk\u00f6nigsw\u00fcrde. Zoe-Sophie Schulz fuhr in Begleitung von Sylvia Klapproth nach Kirchdorf, wo die Schie\u00dfen um die Kinderk\u00f6nigsw\u00fcrde ausgetragen &#8230;<\/p>\n<div class=\"pt-cv-rmwrap\"><a href=\"http:\/\/schuetzenverein-barver.de\/?p=808\" class=\"_self pt-cv-readmore btn btn-success\" target=\"_self\">Weiterlesen \u2026<\/a><\/div>\n<\/div>\n<\/div>\n<\/div>\n<\/div>\n<\/div>\n<div class=\" pt-cv-pagination-wrapper\">\n<ul class=\"pt-cv-pagination pt-cv-ajax pagination\" data-totalpages=\"3\" data-currentpage=\"1\" data-sid=\"0374ab2cg6\" data-unid=\"\" data-isblock=\"\" data-postid=\"\">\n<li class=\"active\"><a href=\"#\">1<\/a><\/li>\n<li ><a class=\"\" href=\"http:\/\/schuetzenverein-barver.de\/index.php\/?_page=2&#038;rest_route=%2Fwp%2Fv2%2Fpages%2F97\">2<\/a><\/li>\n<li ><a class=\"\" href=\"http:\/\/schuetzenverein-barver.de\/index.php\/?_page=3&#038;rest_route=%2Fwp%2Fv2%2Fpages%2F97\">3<\/a><\/li>\n<li ><a class=\" \" href=\"http:\/\/schuetzenverein-barver.de\/index.php\/?_page=2&#038;rest_route=%2Fwp%2Fv2%2Fpages%2F97\">&rsaquo;<\/a><\/li>\n<\/ul>\n<p><img loading=\"lazy\" decoding=\"async\" width=\"15\" height=\"15\" class=\"pt-cv-spinner\" alt=\"Wird geladen\u00a0\u2026\" src=\"data:image\/gif;base64,R0lGODlhDwAPALMPAMrKygwMDJOTkz09PZWVla+vr3p6euTk5M7OzuXl5TMzMwAAAJmZmWZmZszMzP\/\/\/yH\/C05FVFNDQVBFMi4wAwEAAAAh+QQFCgAPACwAAAAADwAPAAAEQvDJaZaZOIcV8iQK8VRX4iTYoAwZ4iCYoAjZ4RxejhVNoT+mRGP4cyF4Pp0N98sBGIBMEMOotl6YZ3S61Bmbkm4mAgAh+QQFCgAPACwAAAAADQANAAAENPDJSRSZeA418itN8QiK8BiLITVsFiyBBIoYqnoewAD4xPw9iY4XLGYSjkQR4UAUD45DLwIAIfkEBQoADwAsAAAAAA8ACQAABC\/wyVlamTi3nSdgwFNdhEJgTJoNyoB9ISYoQmdjiZPcj7EYCAeCF1gEDo4Dz2eIAAAh+QQFCgAPACwCAAAADQANAAAEM\/DJBxiYeLKdX3IJZT1FU0iIg2RNKx3OkZVnZ98ToRD4MyiDnkAh6BkNC0MvsAj0kMpHBAAh+QQFCgAPACwGAAAACQAPAAAEMDC59KpFDll73HkAA2wVY5KgiK5b0RRoI6MuzG6EQqCDMlSGheEhUAgqgUUAFRySIgAh+QQFCgAPACwCAAIADQANAAAEM\/DJKZNLND\/kkKaHc3xk+QAMYDKsiaqmZCxGVjSFFCxB1vwy2oOgIDxuucxAMTAJFAJNBAAh+QQFCgAPACwAAAYADwAJAAAEMNAs86q1yaWwwv2Ig0jUZx3OYa4XoRAfwADXoAwfo1+CIjyFRuEho60aSNYlOPxEAAAh+QQFCgAPACwAAAIADQANAAAENPA9s4y8+IUVcqaWJ4qEQozSoAzoIyhCK2NFU2SJk0hNnyEOhKR2AzAAj4Pj4GE4W0bkJQIAOw==\" \/><\/p>\n<div class=\"clear pt-cv-clear-pagination\"><\/div>\n<\/div>\n<\/div>\n\t\t\t\t\t\t\t\t<\/div>\n\t\t\t\t<\/div>\n\t\t\t\t\t<\/div>\n\t\t<\/div>\n\t\t\t\t\t<\/div>\n\t\t<\/section>\n\t\t\t\t<\/div>\n\t\t","protected":false},"excerpt":{"rendered":"","protected":false},"author":1,"featured_media":0,"parent":0,"menu_order":0,"comment_status":"closed","ping_status":"closed","template":"","meta":{"footnotes":""},"class_list":["post-97","page","type-page","status-publish","hentry"],"_links":{"self":[{"href":"http:\/\/schuetzenverein-barver.de\/index.php?rest_route=\/wp\/v2\/pages\/97","targetHints":{"allow":["GET"]}}],"collection":[{"href":"http:\/\/schuetzenverein-barver.de\/index.php?rest_route=\/wp\/v2\/pages"}],"about":[{"href":"http:\/\/schuetzenverein-barver.de\/index.php?rest_route=\/wp\/v2\/types\/page"}],"author":[{"embeddable":true,"href":"http:\/\/schuetzenverein-barver.de\/index.php?rest_route=\/wp\/v2\/users\/1"}],"replies":[{"embeddable":true,"href":"http:\/\/schuetzenverein-barver.de\/index.php?rest_route=%2Fwp%2Fv2%2Fcomments&post=97"}],"version-history":[{"count":13,"href":"http:\/\/schuetzenverein-barver.de\/index.php?rest_route=\/wp\/v2\/pages\/97\/revisions"}],"predecessor-version":[{"id":1189,"href":"http:\/\/schuetzenverein-barver.de\/index.php?rest_route=\/wp\/v2\/pages\/97\/revisions\/1189"}],"wp:attachment":[{"href":"http:\/\/schuetzenverein-barver.de\/index.php?rest_route=%2Fwp%2Fv2%2Fmedia&parent=97"}],"curies":[{"name":"wp","href":"https:\/\/api.w.org\/{rel}","templated":true}]}}