{"id":99,"date":"2021-07-29T14:20:33","date_gmt":"2021-07-29T12:20:33","guid":{"rendered":"http:\/\/schuetzenverein-barver.de\/?page_id=99"},"modified":"2025-04-10T16:51:40","modified_gmt":"2025-04-10T14:51:40","slug":"termine","status":"publish","type":"page","link":"http:\/\/schuetzenverein-barver.de\/?page_id=99","title":{"rendered":"Termine"},"content":{"rendered":"\t\t<div data-elementor-type=\"wp-page\" data-elementor-id=\"99\" class=\"elementor elementor-99\">\n\t\t\t\t\t\t<section class=\"elementor-section elementor-top-section elementor-element elementor-element-3dc60e5 elementor-section-boxed elementor-section-height-default elementor-section-height-default\" data-id=\"3dc60e5\" data-element_type=\"section\" data-settings=\"{&quot;jet_parallax_layout_list&quot;:[]}\">\n\t\t\t\t\t\t<div class=\"elementor-container elementor-column-gap-default\">\n\t\t\t\t\t<div class=\"elementor-column elementor-col-100 elementor-top-column elementor-element elementor-element-6a29ef9\" data-id=\"6a29ef9\" data-element_type=\"column\">\n\t\t\t<div class=\"elementor-widget-wrap elementor-element-populated\">\n\t\t\t\t\t\t<div class=\"elementor-element elementor-element-2e717cc elementor-widget elementor-widget-shortcode\" data-id=\"2e717cc\" data-element_type=\"widget\" data-widget_type=\"shortcode.default\">\n\t\t\t\t<div class=\"elementor-widget-container\">\n\t\t\t\t\t\t\t<div class=\"elementor-shortcode\"><div class=\"simcal-calendar simcal-default-calendar simcal-default-calendar-list simcal-default-calendar-light\" data-calendar-id=\"1232\" data-timezone=\"Europe\/Berlin\" data-offset=\"7200\" data-week-start=\"1\" data-calendar-start=\"1776722400\" data-calendar-end=\"1807817400\" data-events-first=\"1774771200\" data-events-last=\"1807817400\"><div class=\"simcal-calendar-list \"><nav class=\"simcal-calendar-head\">\n\t<div class=\"simcal-nav\">\n\t\t<button class=\"simcal-nav-button simcal-prev\" title=\"Previous\" aria-label=\"Previous\">\n\t\t\t<i class=\"simcal-icon-left\"><\/i>\n\t\t<\/button>\n\t<\/div>\n\t<div class=\"simcal-nav simcal-current \" data-calendar-current=\"1776722400\">\n\t\t<h3 class=\"simcal-current-label\"> <\/h3>\n\t<\/div>\n\t<div class=\"simcal-nav\">\t\t<button class=\"simcal-nav-button simcal-next\" title=\"Next\" aria-label=\"Next\">\t\t\t<i class=\"simcal-icon-right\"><\/i>\n\t\t<\/button>\n\t<\/div>\n<\/nav>\n<dl class=\"simcal-events-list-container\" data-prev=\"1774047600\" data-next=\"1779314400\" data-heading-small=\"Mai 2026\" data-heading-large=\"Mai 2026\">\t<dt class=\"simcal-day-label\" style=\"border-bottom: 1px solid #000000;\" ><span style=\"background-color: #000000; color: #ffffff;\"><span class=\"simcal-date-format\" data-date-format=\"j. F Y\">2. Mai 2026<\/span> <\/span><\/dt>\n<dd class=\"simcal-weekday-6 simcal-past simcal-day simcal-day-has-events simcal-day-has-1-events simcal-events-calendar-1232\" data-events-count=\"1\">\n\t<ul class=\"simcal-events\">\n\t<li class=\"simcal-event simcal-events-calendar-1232\" style=\"\" itemscope itemtype=\"http:\/\/schema.org\/Event\" data-start=\"1777743000\">\n\t\t<div class=\"simcal-event-details\"><p><strong><span class=\"simcal-event-title\" itemprop=\"name\">Sch\u00fctzenfest in Dickel<\/span><\/strong><\/p>\n<p><span class=\"simcal-event-start simcal-event-start-date\" data-event-start=\"1777743000\" data-event-format=\"j. F Y\" itemprop=\"startDate\" content=\"2026-05-02T19:30:00+02:00\">2. Mai 2026<\/span>&nbsp;&nbsp;<span class=\"simcal-event-start simcal-event-start-time\" data-event-start=\"1777743000\" data-event-format=\"G:i\" itemprop=\"startDate\" content=\"2026-05-02T19:30:00+02:00\">19:30<\/span> - <span class=\"simcal-event-end simcal-event-end-time\" data-event-end=\"1777746600\" data-event-format=\"G:i\" itemprop=\"endDate\" content=\"2026-05-02T20:30:00+02:00\">20:30<\/span><br \/>\n <span class=\"simcal-event-address simcal-event-start-location\" itemprop=\"location\" itemscope itemtype=\"http:\/\/schema.org\/Place\"><meta itemprop=\"name\" content=\"Sch\u00fctzenfest in Dickel\" \/><meta itemprop=\"address\" content=\"Sch\u00fctzenfest in Dickel\" \/><\/span><\/p>\n<div><\/div>\n<p> <a href=\"https:\/\/www.google.com\/calendar\/event?eid=XzhkOWxjZ3JmZHByNmFzams2NWdqZXAzNWM4cjZjZDluNjRzamFwajI2c3BtOHAxbjc1aDM0ZHBoNm9yM2lvYjVja28wIGE0YjQ3Yjk2NmU3ZjUzOWE2ODZmYWU4ZDRkMTkzZDE3OWJiMGUwMmJiZTY1NDJlZDdlMjYyZTY1NGZjZmJkMDVAZw&#038;ctz=Europe\/Berlin\" target=\"_blank\" >See more details<\/a><\/p><\/div>\n\t<\/li>\n<\/ul>\n\n<\/dd>\n\t<dt class=\"simcal-day-label\" style=\"border-bottom: 1px solid #000000;\" ><span style=\"background-color: #000000; color: #ffffff;\"><span class=\"simcal-date-format\" data-date-format=\"j. F Y\">9. Mai 2026<\/span> <\/span><\/dt>\n<dd class=\"simcal-weekday-6 simcal-past simcal-day simcal-day-has-events simcal-day-has-1-events simcal-events-calendar-1232\" data-events-count=\"1\">\n\t<ul class=\"simcal-events\">\n\t<li class=\"simcal-event simcal-events-calendar-1232\" style=\"\" itemscope itemtype=\"http:\/\/schema.org\/Event\" data-start=\"1778321700\">\n\t\t<div class=\"simcal-event-details\"><p><strong><span class=\"simcal-event-title\" itemprop=\"name\">125-j\u00e4hriges Jubil\u00e4um Sch\u00fctzenverein Wetschen<\/span><\/strong><\/p>\n<p><span class=\"simcal-event-start simcal-event-start-date\" data-event-start=\"1778321700\" data-event-format=\"j. F Y\" itemprop=\"startDate\" content=\"2026-05-09T12:15:00+02:00\">9. Mai 2026<\/span>&nbsp;&nbsp;<span class=\"simcal-event-start simcal-event-start-time\" data-event-start=\"1778321700\" data-event-format=\"G:i\" itemprop=\"startDate\" content=\"2026-05-09T12:15:00+02:00\">12:15<\/span> - <span class=\"simcal-event-end simcal-event-end-time\" data-event-end=\"1778325300\" data-event-format=\"G:i\" itemprop=\"endDate\" content=\"2026-05-09T13:15:00+02:00\">13:15<\/span><br \/>\n <span class=\"simcal-event-address simcal-event-start-location\" itemprop=\"location\" itemscope itemtype=\"http:\/\/schema.org\/Place\"><meta itemprop=\"name\" content=\"125-j\u00e4hriges Jubil\u00e4um Sch\u00fctzenverein Wetschen\" \/><meta itemprop=\"address\" content=\"125-j\u00e4hriges Jubil\u00e4um Sch\u00fctzenverein Wetschen\" \/><\/span><\/p>\n<div><\/div>\n<p> <a href=\"https:\/\/www.google.com\/calendar\/event?eid=XzhkOWxjZ3JmZHByNmFzams2b3EzNG9wbjYxZ2o2Y3BtNmNwNmNwaHBjcGhqZWNiM2M5aWplcDFoNjVpMzhwaGo2Y28wIGE0YjQ3Yjk2NmU3ZjUzOWE2ODZmYWU4ZDRkMTkzZDE3OWJiMGUwMmJiZTY1NDJlZDdlMjYyZTY1NGZjZmJkMDVAZw&#038;ctz=Europe\/Berlin\" target=\"_blank\" >See more details<\/a><\/p><\/div>\n\t<\/li>\n<\/ul>\n\n<\/dd>\n\t<dt class=\"simcal-day-label\" style=\"border-bottom: 1px solid #000000;\" ><span style=\"background-color: #000000; color: #ffffff;\"><span class=\"simcal-date-format\" data-date-format=\"j. F Y\">14. Mai 2026<\/span> <\/span><\/dt>\n<dd class=\"simcal-weekday-4 simcal-past simcal-day simcal-day-has-events simcal-day-has-1-events simcal-events-calendar-1232\" data-events-count=\"1\">\n\t<ul class=\"simcal-events\">\n\t<li class=\"simcal-event simcal-events-calendar-1232\" style=\"\" itemscope itemtype=\"http:\/\/schema.org\/Event\" data-start=\"1778745600\">\n\t\t<div class=\"simcal-event-details\"><p><strong><span class=\"simcal-event-title\" itemprop=\"name\">Kinderk\u00f6nigsschie\u00dfen<\/span><\/strong><\/p>\n<p><span class=\"simcal-event-start simcal-event-start-date\" data-event-start=\"1778745600\" data-event-format=\"j. F Y\" itemprop=\"startDate\" content=\"2026-05-14T10:00:00+02:00\">14. Mai 2026<\/span>&nbsp;&nbsp;<span class=\"simcal-event-start simcal-event-start-time\" data-event-start=\"1778745600\" data-event-format=\"G:i\" itemprop=\"startDate\" content=\"2026-05-14T10:00:00+02:00\">10:00<\/span> - <span class=\"simcal-event-end simcal-event-end-time\" data-event-end=\"1778749200\" data-event-format=\"G:i\" itemprop=\"endDate\" content=\"2026-05-14T11:00:00+02:00\">11:00<\/span><br \/>\n <span class=\"simcal-event-address simcal-event-start-location\" itemprop=\"location\" itemscope itemtype=\"http:\/\/schema.org\/Place\"><meta itemprop=\"name\" content=\"Kinderk\u00f6nigsschie\u00dfen\" \/><meta itemprop=\"address\" content=\"Kinderk\u00f6nigsschie\u00dfen\" \/><\/span><\/p>\n<div><\/div>\n<p> <a href=\"https:\/\/www.google.com\/calendar\/event?eid=XzhkOWxjZ3JmZHByNmFzams3NWk2MmMxbDZwajYycDloNmtyamlkYjU2b3A2YWM5bWM0czZhZGhsNmNwM2lwaGs2dGdnIGE0YjQ3Yjk2NmU3ZjUzOWE2ODZmYWU4ZDRkMTkzZDE3OWJiMGUwMmJiZTY1NDJlZDdlMjYyZTY1NGZjZmJkMDVAZw&#038;ctz=Europe\/Berlin\" target=\"_blank\" >See more details<\/a><\/p><\/div>\n\t<\/li>\n<\/ul>\n\n<\/dd>\n\t<dt class=\"simcal-day-label\" style=\"border-bottom: 1px solid #000000;\" ><span style=\"background-color: #000000; color: #ffffff;\"><span class=\"simcal-date-format\" data-date-format=\"j. F Y\">15. Mai 2026<\/span> <\/span><\/dt>\n<dd class=\"simcal-weekday-5 simcal-past simcal-day simcal-day-has-events simcal-day-has-1-events simcal-events-calendar-1232 simcal-day-has-events simcal-day-has-2-events simcal-events-calendar-1232\" data-events-count=\"2\">\n\t<ul class=\"simcal-events\">\n\t<li class=\"simcal-event simcal-events-calendar-1232\" style=\"\" itemscope itemtype=\"http:\/\/schema.org\/Event\" data-start=\"1778828400\">\n\t\t<div class=\"simcal-event-details\"><p><strong><span class=\"simcal-event-title\" itemprop=\"name\">Schm\u00fccken Festplatz<\/span><\/strong><\/p>\n<p><span class=\"simcal-event-start simcal-event-start-date\" data-event-start=\"1778828400\" data-event-format=\"j. F Y\" itemprop=\"startDate\" content=\"2026-05-15T09:00:00+02:00\">15. Mai 2026<\/span>&nbsp;&nbsp;<span class=\"simcal-event-start simcal-event-start-time\" data-event-start=\"1778828400\" data-event-format=\"G:i\" itemprop=\"startDate\" content=\"2026-05-15T09:00:00+02:00\">9:00<\/span> - <span class=\"simcal-event-end simcal-event-end-time\" data-event-end=\"1778832000\" data-event-format=\"G:i\" itemprop=\"endDate\" content=\"2026-05-15T10:00:00+02:00\">10:00<\/span><br \/>\n <span class=\"simcal-event-address simcal-event-start-location\" itemprop=\"location\" itemscope itemtype=\"http:\/\/schema.org\/Place\"><meta itemprop=\"name\" content=\"Schm\u00fccken Festplatz\" \/><meta itemprop=\"address\" content=\"Schm\u00fccken Festplatz\" \/><\/span><\/p>\n<div><\/div>\n<p> <a href=\"https:\/\/www.google.com\/calendar\/event?eid=XzhkOWxjZ3JmZHByNmFzamtjOWhqNHBoaDZoaDZjcGhvNmNxNjZwYjFjb3AzNmM5b2M1Z20yb3BrYzRwajhlMWpja3AwIGE0YjQ3Yjk2NmU3ZjUzOWE2ODZmYWU4ZDRkMTkzZDE3OWJiMGUwMmJiZTY1NDJlZDdlMjYyZTY1NGZjZmJkMDVAZw&#038;ctz=Europe\/Berlin\" target=\"_blank\" >See more details<\/a><\/p><\/div>\n\t<\/li>\n\t<li class=\"simcal-event simcal-events-calendar-1232\" style=\"\" itemscope itemtype=\"http:\/\/schema.org\/Event\" data-start=\"1778866200\">\n\t\t<div class=\"simcal-event-details\"><p><strong><span class=\"simcal-event-title\" itemprop=\"name\">Zapfenstreich (antreten am Dorfgemeinschftshaus)<\/span><\/strong><\/p>\n<p><span class=\"simcal-event-start simcal-event-start-date\" data-event-start=\"1778866200\" data-event-format=\"j. F Y\" itemprop=\"startDate\" content=\"2026-05-15T19:30:00+02:00\">15. Mai 2026<\/span>&nbsp;&nbsp;<span class=\"simcal-event-start simcal-event-start-time\" data-event-start=\"1778866200\" data-event-format=\"G:i\" itemprop=\"startDate\" content=\"2026-05-15T19:30:00+02:00\">19:30<\/span> - <span class=\"simcal-event-end simcal-event-end-time\" data-event-end=\"1778869800\" data-event-format=\"G:i\" itemprop=\"endDate\" content=\"2026-05-15T20:30:00+02:00\">20:30<\/span><br \/>\n <span class=\"simcal-event-address simcal-event-start-location\" itemprop=\"location\" itemscope itemtype=\"http:\/\/schema.org\/Place\"><meta itemprop=\"name\" content=\"Zapfenstreich (antreten am Dorfgemeinschftshaus)\" \/><meta itemprop=\"address\" content=\"Zapfenstreich (antreten am Dorfgemeinschftshaus)\" \/><\/span><\/p>\n<div><\/div>\n<p> <a href=\"https:\/\/www.google.com\/calendar\/event?eid=XzhkOWxjZ3JmZHByNmFzams2MWhqZW9iNGNrcDM4b3BqYzlqNjJjcGg2Z28zZ2Q5bTcxZ202b2hwNjhzbTZjcjVjOHAwIGE0YjQ3Yjk2NmU3ZjUzOWE2ODZmYWU4ZDRkMTkzZDE3OWJiMGUwMmJiZTY1NDJlZDdlMjYyZTY1NGZjZmJkMDVAZw&#038;ctz=Europe\/Berlin\" target=\"_blank\" >See more details<\/a><\/p><\/div>\n\t<\/li>\n<\/ul>\n\n<\/dd>\n\t<dt class=\"simcal-day-label\" style=\"border-bottom: 1px solid #000000;\" ><span style=\"background-color: #000000; color: #ffffff;\"><span class=\"simcal-date-format\" data-date-format=\"j. F Y\">16. Mai 2026<\/span> <\/span><\/dt>\n<dd class=\"simcal-weekday-6 simcal-past simcal-day simcal-day-has-events simcal-day-has-1-events simcal-events-calendar-1232\" data-events-count=\"1\">\n\t<ul class=\"simcal-events\">\n\t<li class=\"simcal-event simcal-events-calendar-1232\" style=\"\" itemscope itemtype=\"http:\/\/schema.org\/Event\" data-start=\"1778934600\">\n\t\t<div class=\"simcal-event-details\"><p><strong><span class=\"simcal-event-title\" itemprop=\"name\">1. Sch\u00fctzenfesttag<\/span><\/strong><\/p>\n<p><span class=\"simcal-event-start simcal-event-start-date\" data-event-start=\"1778934600\" data-event-format=\"j. F Y\" itemprop=\"startDate\" content=\"2026-05-16T14:30:00+02:00\">16. Mai 2026<\/span>&nbsp;&nbsp;<span class=\"simcal-event-start simcal-event-start-time\" data-event-start=\"1778934600\" data-event-format=\"G:i\" itemprop=\"startDate\" content=\"2026-05-16T14:30:00+02:00\">14:30<\/span> - <span class=\"simcal-event-start simcal-event-end-date\" data-event-start=\"1778968800\" data-event-format=\"j. F Y\" itemprop=\"endDate\" content=\"2026-05-17T00:00:00+02:00\">17. Mai 2026<\/span>&nbsp;&nbsp;<span class=\"simcal-event-end simcal-event-end-time\" data-event-end=\"1778968800\" data-event-format=\"G:i\" itemprop=\"endDate\" content=\"2026-05-17T00:00:00+02:00\">0:00<\/span><br \/>\n <span class=\"simcal-event-address simcal-event-start-location\" itemprop=\"location\" itemscope itemtype=\"http:\/\/schema.org\/Place\"><meta itemprop=\"name\" content=\"1. Sch\u00fctzenfesttag\" \/><meta itemprop=\"address\" content=\"1. Sch\u00fctzenfesttag\" \/><\/span><\/p>\n<div><div class=\"simcal-event-description\" itemprop=\"description\"><p>(Jugend-, K\u00f6niginnen- und Festtagspokal, Pokal ehemaliger Jugendk\u00f6nige, Preisschie\u00dfen, Jugendk\u00f6nig\/in<br \/>\nGastvereine: Wehrbleck, Donstorf, Dickel)<\/p>\n<\/div><\/div>\n<p> <a href=\"https:\/\/www.google.com\/calendar\/event?eid=N2xyaWY4dXE3cmY0Z2VkdDE0bzc0aGc4anAgYTRiNDdiOTY2ZTdmNTM5YTY4NmZhZThkNGQxOTNkMTc5YmIwZTAyYmJlNjU0MmVkN2UyNjJlNjU0ZmNmYmQwNUBn&#038;ctz=Europe\/Berlin\" target=\"_blank\" >See more details<\/a><\/p><\/div>\n\t<\/li>\n<\/ul>\n\n<\/dd>\n\t<dt class=\"simcal-day-label\" style=\"border-bottom: 1px solid #000000;\" ><span style=\"background-color: #000000; color: #ffffff;\"><span class=\"simcal-date-format\" data-date-format=\"j. F Y\">17. Mai 2026<\/span> <\/span><\/dt>\n<dd class=\"simcal-weekday-0 simcal-past simcal-day simcal-day-has-events simcal-day-has-1-events simcal-events-calendar-1232 simcal-day-has-events simcal-day-has-2-events simcal-events-calendar-1232\" data-events-count=\"2\">\n\t<ul class=\"simcal-events\">\n\t<li class=\"simcal-event simcal-events-calendar-1232\" style=\"\" itemscope itemtype=\"http:\/\/schema.org\/Event\" data-start=\"1779015600\">\n\t\t<div class=\"simcal-event-details\"><p><strong><span class=\"simcal-event-title\" itemprop=\"name\">2. Sch\u00fctzenfesttag<\/span><\/strong><\/p>\n<p><span class=\"simcal-event-start simcal-event-start-date\" data-event-start=\"1779015600\" data-event-format=\"j. F Y\" itemprop=\"startDate\" content=\"2026-05-17T13:00:00+02:00\">17. Mai 2026<\/span>&nbsp;&nbsp;<span class=\"simcal-event-start simcal-event-start-time\" data-event-start=\"1779015600\" data-event-format=\"G:i\" itemprop=\"startDate\" content=\"2026-05-17T13:00:00+02:00\">13:00<\/span> - <span class=\"simcal-event-end simcal-event-end-time\" data-event-end=\"1779019200\" data-event-format=\"G:i\" itemprop=\"endDate\" content=\"2026-05-17T14:00:00+02:00\">14:00<\/span><br \/>\n <span class=\"simcal-event-address simcal-event-start-location\" itemprop=\"location\" itemscope itemtype=\"http:\/\/schema.org\/Place\"><meta itemprop=\"name\" content=\"2. Sch\u00fctzenfesttag\" \/><meta itemprop=\"address\" content=\"2. Sch\u00fctzenfesttag\" \/><\/span><\/p>\n<div><div class=\"simcal-event-description\" itemprop=\"description\"><p>(K\u00f6niginnen- und Festtagspokal, Preisschie\u00dfen, Sch\u00fctzenk\u00f6nig\/in, Sch\u00fctzen Liesel)<\/p>\n<\/div><\/div>\n<p> <a href=\"https:\/\/www.google.com\/calendar\/event?eid=XzhkOWxjZ3JmZHByNmFzamtjY3IzMmRqMzZncWowZWI2Nm9vM2FwMW9jbGkzYWM5cDc0cjZhZDFrY2tzbTJvaG02OWlnIGE0YjQ3Yjk2NmU3ZjUzOWE2ODZmYWU4ZDRkMTkzZDE3OWJiMGUwMmJiZTY1NDJlZDdlMjYyZTY1NGZjZmJkMDVAZw&#038;ctz=Europe\/Berlin\" target=\"_blank\" >See more details<\/a><\/p><\/div>\n\t<\/li>\n\t<li class=\"simcal-event simcal-events-calendar-1232\" style=\"\" itemscope itemtype=\"http:\/\/schema.org\/Event\" data-start=\"1778934600\">\n\t\t<div class=\"simcal-event-details\"><p><strong><span class=\"simcal-event-title\" itemprop=\"name\">1. Sch\u00fctzenfesttag<\/span><\/strong><\/p>\n<p><span class=\"simcal-event-start simcal-event-start-date\" data-event-start=\"1778934600\" data-event-format=\"j. F Y\" itemprop=\"startDate\" content=\"2026-05-16T14:30:00+02:00\">16. Mai 2026<\/span>&nbsp;&nbsp;<span class=\"simcal-event-start simcal-event-start-time\" data-event-start=\"1778934600\" data-event-format=\"G:i\" itemprop=\"startDate\" content=\"2026-05-16T14:30:00+02:00\">14:30<\/span> - <span class=\"simcal-event-start simcal-event-end-date\" data-event-start=\"1778968800\" data-event-format=\"j. F Y\" itemprop=\"endDate\" content=\"2026-05-17T00:00:00+02:00\">17. Mai 2026<\/span>&nbsp;&nbsp;<span class=\"simcal-event-end simcal-event-end-time\" data-event-end=\"1778968800\" data-event-format=\"G:i\" itemprop=\"endDate\" content=\"2026-05-17T00:00:00+02:00\">0:00<\/span><br \/>\n <span class=\"simcal-event-address simcal-event-start-location\" itemprop=\"location\" itemscope itemtype=\"http:\/\/schema.org\/Place\"><meta itemprop=\"name\" content=\"1. Sch\u00fctzenfesttag\" \/><meta itemprop=\"address\" content=\"1. Sch\u00fctzenfesttag\" \/><\/span><\/p>\n<div><div class=\"simcal-event-description\" itemprop=\"description\"><p>(Jugend-, K\u00f6niginnen- und Festtagspokal, Pokal ehemaliger Jugendk\u00f6nige, Preisschie\u00dfen, Jugendk\u00f6nig\/in<br \/>\nGastvereine: Wehrbleck, Donstorf, Dickel)<\/p>\n<\/div><\/div>\n<p> <a href=\"https:\/\/www.google.com\/calendar\/event?eid=N2xyaWY4dXE3cmY0Z2VkdDE0bzc0aGc4anAgYTRiNDdiOTY2ZTdmNTM5YTY4NmZhZThkNGQxOTNkMTc5YmIwZTAyYmJlNjU0MmVkN2UyNjJlNjU0ZmNmYmQwNUBn&#038;ctz=Europe\/Berlin\" target=\"_blank\" >See more details<\/a><\/p><\/div>\n\t<\/li>\n<\/ul>\n\n<\/dd>\n<\/dl><div class=\"simcal-ajax-loader simcal-spinner-top\" style=\"display: none;\"><i class=\"simcal-icon-spinner simcal-icon-spin\"><\/i><\/div><\/div><\/div><\/div>\n\t\t\t\t\t\t<\/div>\n\t\t\t\t<\/div>\n\t\t\t\t\t<\/div>\n\t\t<\/div>\n\t\t\t\t\t<\/div>\n\t\t<\/section>\n\t\t\t\t<section class=\"elementor-section elementor-top-section elementor-element elementor-element-4dfdb6a elementor-section-boxed elementor-section-height-default elementor-section-height-default\" data-id=\"4dfdb6a\" data-element_type=\"section\" data-settings=\"{&quot;jet_parallax_layout_list&quot;:[]}\">\n\t\t\t\t\t\t<div class=\"elementor-container elementor-column-gap-default\">\n\t\t\t\t\t<div class=\"elementor-column elementor-col-100 elementor-top-column elementor-element elementor-element-33c2f75\" data-id=\"33c2f75\" data-element_type=\"column\">\n\t\t\t<div class=\"elementor-widget-wrap elementor-element-populated\">\n\t\t\t\t\t\t<div class=\"elementor-element elementor-element-3dd7717 elementor-widget elementor-widget-html\" data-id=\"3dd7717\" data-element_type=\"widget\" data-widget_type=\"html.default\">\n\t\t\t\t<div class=\"elementor-widget-container\">\n\t\t\t\t\t<iframe src=\"https:\/\/calendar.google.com\/calendar\/embed?src=a4b47b966e7f539a686fae8d4d193d179bb0e02bbe6542ed7e262e654fcfbd05%40group.calendar.google.com&ctz=Europe%2FBerlin&mode=AGENDA\" style=\"border: 0\" width=\"800\" height=\"600\" frameborder=\"0\" scrolling=\"no\"><\/iframe>\t\t\t\t<\/div>\n\t\t\t\t<\/div>\n\t\t\t\t\t<\/div>\n\t\t<\/div>\n\t\t\t\t\t<\/div>\n\t\t<\/section>\n\t\t\t\t<\/div>\n\t\t","protected":false},"excerpt":{"rendered":"","protected":false},"author":1,"featured_media":0,"parent":0,"menu_order":0,"comment_status":"closed","ping_status":"closed","template":"","meta":{"footnotes":""},"class_list":["post-99","page","type-page","status-publish","hentry"],"_links":{"self":[{"href":"http:\/\/schuetzenverein-barver.de\/index.php?rest_route=\/wp\/v2\/pages\/99","targetHints":{"allow":["GET"]}}],"collection":[{"href":"http:\/\/schuetzenverein-barver.de\/index.php?rest_route=\/wp\/v2\/pages"}],"about":[{"href":"http:\/\/schuetzenverein-barver.de\/index.php?rest_route=\/wp\/v2\/types\/page"}],"author":[{"embeddable":true,"href":"http:\/\/schuetzenverein-barver.de\/index.php?rest_route=\/wp\/v2\/users\/1"}],"replies":[{"embeddable":true,"href":"http:\/\/schuetzenverein-barver.de\/index.php?rest_route=%2Fwp%2Fv2%2Fcomments&post=99"}],"version-history":[{"count":43,"href":"http:\/\/schuetzenverein-barver.de\/index.php?rest_route=\/wp\/v2\/pages\/99\/revisions"}],"predecessor-version":[{"id":1247,"href":"http:\/\/schuetzenverein-barver.de\/index.php?rest_route=\/wp\/v2\/pages\/99\/revisions\/1247"}],"wp:attachment":[{"href":"http:\/\/schuetzenverein-barver.de\/index.php?rest_route=%2Fwp%2Fv2%2Fmedia&parent=99"}],"curies":[{"name":"wp","href":"https:\/\/api.w.org\/{rel}","templated":true}]}}